{"id":49,"date":"2025-06-20T14:53:13","date_gmt":"2025-06-20T14:53:13","guid":{"rendered":"https:\/\/www.hygieneberatung.de\/?page_id=49"},"modified":"2025-06-20T15:01:40","modified_gmt":"2025-06-20T15:01:40","slug":"impressum","status":"publish","type":"page","link":"https:\/\/www.hygieneberatung.de\/?page_id=49","title":{"rendered":"Impressum"},"content":{"rendered":"<h2 class=\"fusion-responsive-typography-calculated\" data-fontsize=\"23\" data-lineheight=\"34.5px\">Angaben gem\u00e4\u00df \u00a7 5 TMG:<\/h2>\n<p>Hygieneberatung ist ein Gesch\u00e4ftsbereich der:<\/p>\n<p><strong>VeBeS GmbH &amp; CO. KG<\/strong><br \/>\nMartinstr. 12<br \/>\n33175 Bad Lippspringe<\/p>\n<p>Handelsregister: HRA 6583<\/p>\n<p>Amtsgericht Paderborn<\/p>\n<p>Umsatzsteuer-Identifikationsnummer gem\u00e4\u00df \u00a727 a Umsatzsteuergesetz: DE 294217822<\/p>\n<p><strong>Vertreten durch die pers\u00f6nlich haftende Gesellschafterin:<\/strong><\/p>\n<p>VeBeS Beteiligungs Gesellschaft mbH<\/p>\n<p>Martinstr. 12<\/p>\n<p>33175 Bad Lippspringe<\/p>\n<p>Handelsregister: HRB 11344<\/p>\n<p>Amtsgericht Paderborn<\/p>\n<h2 class=\"fusion-responsive-typography-calculated\" data-fontsize=\"23\" data-lineheight=\"34.5px\">Vertreten durch:<\/h2>\n<p>Ralf Schulte<br \/>\nGesch\u00e4ftsf\u00fchrer<\/p>\n<h2 class=\"fusion-responsive-typography-calculated\" data-fontsize=\"23\" data-lineheight=\"34.5px\">Kontakt:<\/h2>\n<table>\n<tbody>\n<tr>\n<td>Telefon:<\/td>\n<td>+49 ( 52 52 ) 91541-0<\/td>\n<\/tr>\n<tr>\n<td>Telefax:<\/td>\n<td>+49 ( 52 52 ) 91541-99<\/td>\n<\/tr>\n<tr>\n<td>E-Mail:<\/td>\n<td>info@vebes.net<\/td>\n<\/tr>\n<\/tbody>\n<\/table>\n<p>&nbsp;<\/p>\n<h2 class=\"fusion-responsive-typography-calculated\" data-fontsize=\"23\" data-lineheight=\"34.5px\">Pflichtinformationen gem\u00e4\u00df Artikel 13 DSGVO<\/h2>\n<p>Im Falle des Erstkontakts sind wir gem\u00e4\u00df Art. 12, 13 DSGVO verpflichtet, Ihnen folgende datenschutzrechtliche Pflichtinformationen zur Verf\u00fcgung zu stellen: Wenn Sie uns per E-Mail kontaktieren, verarbeiten wir Ihre personenbezogenen Daten nur, soweit an der Verarbeitung ein berechtigtes Interesse besteht (Art. 6 Abs. 1 lit. f DSGVO), Sie in die Datenverarbeitung eingewilligt haben (Art. 6 Abs. 1 lit. a DSGVO), die Verarbeitung f\u00fcr die Anbahnung, Begr\u00fcndung, inhaltliche Ausgestaltung oder \u00c4nderung eines Rechtsverh\u00e4ltnisses zwischen Ihnen und uns erforderlich sind (Art. 6 Abs. 1 lit. b DSGVO) oder eine sonstige Rechtsnorm die Verarbeitung gestattet. Ihre personenbezogenen Daten verbleiben bei uns, bis Sie uns zur L\u00f6schung auffordern, Ihre Einwilligung zur Speicherung widerrufen oder der Zweck f\u00fcr die Datenspeicherung entf\u00e4llt (z.\u00a0B. nach abgeschlossener Bearbeitung Ihres Anliegens). Zwingende gesetzliche Bestimmungen \u2013 insbesondere steuer- und handelsrechtliche Aufbewahrungsfristen \u2013 bleiben unber\u00fchrt. Sie haben jederzeit das Recht, unentgeltlich Auskunft \u00fcber Herkunft, Empf\u00e4nger und Zweck Ihrer gespeicherten personenbezogenen Daten zu erhalten. Ihnen steht au\u00dferdem ein Recht auf Widerspruch, auf Daten\u00fcbertragbarkeit und ein Beschwerderecht bei der zust\u00e4ndigen Aufsichtsbeh\u00f6rde zu. Ferner k\u00f6nnen Sie die Berichtigung, die L\u00f6schung und unter bestimmten Umst\u00e4nden die Einschr\u00e4nkung der Verarbeitung Ihrer personenbezogenen Daten verlangen. Details entnehmen Sie unserer <a href=\"https:\/\/vebes.net\/datenschutz\">Datenschutzerkl\u00e4rung<\/a>.. Unseren Datenschutzbeauftragten erreichen Sie unter\u00a0<a class=\"normal-link normal-link-email\" target=\"_blank\" rel=\"noopener noreferrer\">info@vebes.net<\/a><\/p>\n<h2 class=\"fusion-responsive-typography-calculated\" data-fontsize=\"23\" data-lineheight=\"34.5px\">Verantwortlich f\u00fcr den Inhalt nach \u00a7 55 Abs. 2 RStV:<\/h2>\n<p>Herr Ralf Schulte<br \/>\nGesch\u00e4ftsf\u00fchrer<\/p>\n<p>Quelle: <em><a href=\"https:\/\/www.e-recht24.de\">https:\/\/www.e-recht24.de<\/a><\/em><\/p>\n<h2 class=\"fusion-responsive-typography-calculated\" data-fontsize=\"23\" data-lineheight=\"34.5px\">Haftung f\u00fcr Inhalte<\/h2>\n<p>Als Diensteanbieter sind wir gem\u00e4\u00df \u00a7 7 Abs.1 TMG f\u00fcr eigene Inhalte auf diesen Seiten nach den allgemeinen Gesetzen verantwortlich. Nach \u00a7\u00a7 8 bis 10 TMG sind wir als Diensteanbieter jedoch nicht verpflichtet, \u00fcbermittelte oder gespeicherte fremde Informationen zu \u00fcberwachen oder nach Umst\u00e4nden zu forschen, die auf eine rechtswidrige T\u00e4tigkeit hinweisen.<\/p>\n<p>Verpflichtungen zur Entfernung oder Sperrung der Nutzung von Informationen nach den allgemeinen Gesetzen bleiben hiervon unber\u00fchrt. Eine diesbez\u00fcgliche Haftung ist jedoch erst ab dem Zeitpunkt der Kenntnis einer konkreten Rechtsverletzung m\u00f6glich. Bei Bekanntwerden von entsprechenden Rechtsverletzungen werden wir diese Inhalte umgehend entfernen.<\/p>\n<h2 class=\"fusion-responsive-typography-calculated\" data-fontsize=\"23\" data-lineheight=\"34.5px\">Haftung f\u00fcr Links<\/h2>\n<p>Unser Angebot enth\u00e4lt Links zu externen Webseiten Dritter, auf deren Inhalte wir keinen Einfluss haben. Deshalb k\u00f6nnen wir f\u00fcr diese fremden Inhalte auch keine Gew\u00e4hr \u00fcbernehmen. F\u00fcr die Inhalte der verlinkten Seiten ist stets der jeweilige Anbieter oder Betreiber der Seiten verantwortlich. Die verlinkten Seiten wurden zum Zeitpunkt der Verlinkung auf m\u00f6gliche Rechtsverst\u00f6\u00dfe \u00fcberpr\u00fcft. Rechtswidrige Inhalte waren zum Zeitpunkt der Verlinkung nicht erkennbar.<\/p>\n<p>Eine permanente inhaltliche Kontrolle der verlinkten Seiten ist jedoch ohne konkrete Anhaltspunkte einer Rechtsverletzung nicht zumutbar. Bei Bekanntwerden von Rechtsverletzungen werden wir derartige Links umgehend entfernen.<\/p>\n<h2 class=\"fusion-responsive-typography-calculated\" data-fontsize=\"23\" data-lineheight=\"34.5px\">Urheberrecht<\/h2>\n<p>Die durch die Seitenbetreiber erstellten Inhalte und Werke auf diesen Seiten unterliegen dem deutschen Urheberrecht. Die Vervielf\u00e4ltigung, Bearbeitung, Verbreitung und jede Art der Verwertung au\u00dferhalb der Grenzen des Urheberrechtes bed\u00fcrfen der schriftlichen Zustimmung des jeweiligen Autors bzw. Erstellers. Downloads und Kopien dieser Seite sind nur f\u00fcr den privaten, nicht kommerziellen Gebrauch gestattet.<\/p>\n<p>Soweit die Inhalte auf dieser Seite nicht vom Betreiber erstellt wurden, werden die Urheberrechte Dritter beachtet. Insbesondere werden Inhalte Dritter als solche gekennzeichnet. Sollten Sie trotzdem auf eine Urheberrechtsverletzung aufmerksam werden, bitten wir um einen entsprechenden Hinweis. Bei Bekanntwerden von Rechtsverletzungen werden wir derartige Inhalte umgehend entfernen.<\/p>\n<p><i>Quellverweis: <a href=\"https:\/\/www.e-recht24.de\">https:\/\/www.e-recht24.de<\/a><\/i><\/p>\n<p>&nbsp;<\/p>\n","protected":false},"excerpt":{"rendered":"<p>Angaben gem\u00e4\u00df \u00a7 5 TMG: Hygieneberatung ist ein Gesch\u00e4ftsbereich der: VeBeS GmbH &amp; CO. KG Martinstr. 12 33175 Bad Lippspringe Handelsregister: HRA 6583 Amtsgericht Paderborn Umsatzsteuer-Identifikationsnummer gem\u00e4\u00df \u00a727 a Umsatzsteuergesetz:&hellip;<\/p>\n","protected":false},"author":1,"featured_media":0,"parent":0,"menu_order":0,"comment_status":"closed","ping_status":"closed","template":"","meta":{"om_disable_all_campaigns":false,"_monsterinsights_skip_tracking":false,"_monsterinsights_sitenote_active":false,"_monsterinsights_sitenote_note":"","_monsterinsights_sitenote_category":0,"footnotes":""},"class_list":["post-49","page","type-page","status-publish","hentry"],"aioseo_notices":[],"_links":{"self":[{"href":"https:\/\/www.hygieneberatung.de\/index.php?rest_route=\/wp\/v2\/pages\/49","targetHints":{"allow":["GET"]}}],"collection":[{"href":"https:\/\/www.hygieneberatung.de\/index.php?rest_route=\/wp\/v2\/pages"}],"about":[{"href":"https:\/\/www.hygieneberatung.de\/index.php?rest_route=\/wp\/v2\/types\/page"}],"author":[{"embeddable":true,"href":"https:\/\/www.hygieneberatung.de\/index.php?rest_route=\/wp\/v2\/users\/1"}],"replies":[{"embeddable":true,"href":"https:\/\/www.hygieneberatung.de\/index.php?rest_route=%2Fwp%2Fv2%2Fcomments&post=49"}],"version-history":[{"count":3,"href":"https:\/\/www.hygieneberatung.de\/index.php?rest_route=\/wp\/v2\/pages\/49\/revisions"}],"predecessor-version":[{"id":58,"href":"https:\/\/www.hygieneberatung.de\/index.php?rest_route=\/wp\/v2\/pages\/49\/revisions\/58"}],"wp:attachment":[{"href":"https:\/\/www.hygieneberatung.de\/index.php?rest_route=%2Fwp%2Fv2%2Fmedia&parent=49"}],"curies":[{"name":"wp","href":"https:\/\/api.w.org\/{rel}","templated":true}]}}